{"id":5438,"date":"2023-08-17T23:18:12","date_gmt":"2023-08-17T23:18:12","guid":{"rendered":"https:\/\/hre.mx\/?page_id=5438"},"modified":"2023-08-17T23:53:49","modified_gmt":"2023-08-17T23:53:49","slug":"aviso-de-privacidad","status":"publish","type":"page","link":"https:\/\/hre.mx\/en\/aviso-de-privacidad","title":{"rendered":"Privacy Notice"},"content":{"rendered":"<div data-elementor-type=\"wp-page\" data-elementor-id=\"5438\" class=\"elementor elementor-5438\">\n\t\t\t\t\t\t\t        <section class=\"elementor-section elementor-top-section elementor-element elementor-element-787e962 elementor-section-boxed elementor-section-height-default elementor-section-height-default\" data-id=\"787e962\" data-element_type=\"section\">\n            \n                        <div class=\"elementor-container elementor-column-gap-default\">\n                    <div class=\"elementor-column elementor-col-100 elementor-top-column elementor-element elementor-element-25b6ab7\" data-id=\"25b6ab7\" data-element_type=\"column\">\n            <div class=\"elementor-widget-wrap elementor-element-populated\">\n                        \t\t<div class=\"elementor-element elementor-element-df9d3ac elementor-widget elementor-widget-ct_heading\" data-id=\"df9d3ac\" data-element_type=\"widget\" data-widget_type=\"ct_heading.default\">\n\t\t\t\t<div class=\"elementor-widget-container\">\n\t\t\t<div class=\"ct-heading h-align-  sub-style1 ct-heading-left item-st-default\">\r\n\t    <h3 class=\"item--title st-default\" data-wow-delay=\"ms\">\r\n                <span>\r\n            \r\n            Privacy Policy\r\n                    <\/span>\r\n            <\/h3>\r\n<\/div>\t\t<\/div>\n\t\t\t\t<\/div>\n\t\t            <\/div>\n        <\/div>\n                            <\/div>\n        <\/section>\n                <section class=\"elementor-section elementor-top-section elementor-element elementor-element-621826e elementor-section-boxed elementor-section-height-default elementor-section-height-default\" data-id=\"621826e\" data-element_type=\"section\">\n            \n                        <div class=\"elementor-container elementor-column-gap-default\">\n                    <div class=\"elementor-column elementor-col-100 elementor-top-column elementor-element elementor-element-e04086b\" data-id=\"e04086b\" data-element_type=\"column\">\n            <div class=\"elementor-widget-wrap elementor-element-populated\">\n                        \t\t<div class=\"elementor-element elementor-element-540b46b elementor-widget elementor-widget-ct_text_editor\" data-id=\"540b46b\" data-element_type=\"widget\" data-widget_type=\"ct_text_editor.default\">\n\t\t\t\t<div class=\"elementor-widget-container\">\n\t\t\t<div id=\"ct_text_editor-540b46b\" class=\"ct-text-editor\" data-wow-delay=\"ms\">\n\t<div class=\"ct-inline-css\"  data-css=\"        \t\t\">\n\n    <\/div>\n\t<div class=\"ct-text-editor elementor-clearfix\">\n\t\t<p>We use this information to provide you with personalized and relevant services in the field of human resources consulting. Your information may also be used to communicate with you, provide updates about our services and promotions, and continuously improve your experience with us. We want to assure you that we take appropriate measures to protect your personal information against unauthorized access, loss, misuse, or disclosure.<\/p><p>We do not share your personal information with third parties unless it is necessary to fulfill the services you have requested or required by law. In any case, we are committed to maintaining the confidentiality and security of your information at all times.<\/p><p>By providing us with your personal information, you consent to the collection, use, and disclosure of such information in accordance with this privacy policy. If at any time you wish to access, correct, or delete the information we have about you, you can contact us through the means provided on our website.<\/p><p>HRE is committed to adhering to this privacy policy and complying with applicable data protection regulations. We recommend reviewing this policy periodically to stay informed of any updates. If you have any questions or concerns about our privacy policy or the handling of your personal data, please feel free to contact us. Your trust is of utmost importance to us, and we are here to provide you with reliable and secure service in the field of human resources consulting.<\/p>\t\t\n\t<\/div>\n<\/div>\t\t<\/div>\n\t\t\t\t<\/div>\n\t\t            <\/div>\n        <\/div>\n                            <\/div>\n        <\/section>\n                <section class=\"elementor-section elementor-top-section elementor-element elementor-element-b382221 elementor-section-boxed elementor-section-height-default elementor-section-height-default\" data-id=\"b382221\" data-element_type=\"section\">\n            \n                        <div class=\"elementor-container elementor-column-gap-default\">\n                    <div class=\"elementor-column elementor-col-100 elementor-top-column elementor-element elementor-element-ce883e5\" data-id=\"ce883e5\" data-element_type=\"column\">\n            <div class=\"elementor-widget-wrap elementor-element-populated\">\n                        \t\t<div class=\"elementor-element elementor-element-2848af9 elementor-widget elementor-widget-ct_heading\" data-id=\"2848af9\" data-element_type=\"widget\" data-widget_type=\"ct_heading.default\">\n\t\t\t\t<div class=\"elementor-widget-container\">\n\t\t\t<div class=\"ct-heading h-align-  sub-style1 ct-heading-left item-st-default\">\r\n\t    <h3 class=\"item--title st-default\" data-wow-delay=\"ms\">\r\n                <span>\r\n            \r\n            Legal Notice\r\n                    <\/span>\r\n            <\/h3>\r\n<\/div>\t\t<\/div>\n\t\t\t\t<\/div>\n\t\t            <\/div>\n        <\/div>\n                            <\/div>\n        <\/section>\n                <section class=\"elementor-section elementor-top-section elementor-element elementor-element-de5c75b elementor-section-boxed elementor-section-height-default elementor-section-height-default\" data-id=\"de5c75b\" data-element_type=\"section\">\n            \n                        <div class=\"elementor-container elementor-column-gap-default\">\n                    <div class=\"elementor-column elementor-col-100 elementor-top-column elementor-element elementor-element-ef83503\" data-id=\"ef83503\" data-element_type=\"column\">\n            <div class=\"elementor-widget-wrap elementor-element-populated\">\n                        \t\t<div class=\"elementor-element elementor-element-53ab6b1 elementor-widget elementor-widget-ct_text_editor\" data-id=\"53ab6b1\" data-element_type=\"widget\" data-widget_type=\"ct_text_editor.default\">\n\t\t\t\t<div class=\"elementor-widget-container\">\n\t\t\t<div id=\"ct_text_editor-53ab6b1\" class=\"ct-text-editor\" data-wow-delay=\"ms\">\n\t<div class=\"ct-inline-css\"  data-css=\"        \t\t\">\n\n    <\/div>\n\t<div class=\"ct-text-editor elementor-clearfix\">\n\t\t<p>We value your trust in us and are committed to protecting your privacy and security. By accessing and using our services, you understand and agree that we collect and use personal information, such as phone numbers, names, and email addresses, for the purpose of providing you with a personalized and efficient experience. We want to assure you that your data will be treated with the highest level of confidentiality and will only be used for legitimate purposes to improve our services and communicate with you. We are committed to not sharing, selling, or transferring your data to third parties without your express consent. Additionally, we implement security measures to protect your data from unauthorized access or disclosure. If you have any questions about our privacy policy or the use of your personal data, please feel free to contact our customer service team. Thank you for trusting HRE as your partner in human resources solutions.<\/p>\t\t\n\t<\/div>\n<\/div>\t\t<\/div>\n\t\t\t\t<\/div>\n\t\t            <\/div>\n        <\/div>\n                            <\/div>\n        <\/section>\n                <section class=\"elementor-section elementor-top-section elementor-element elementor-element-b1487da elementor-section-boxed elementor-section-height-default elementor-section-height-default\" data-id=\"b1487da\" data-element_type=\"section\">\n            \n                        <div class=\"elementor-container elementor-column-gap-default\">\n                    <div class=\"elementor-column elementor-col-100 elementor-top-column elementor-element elementor-element-0e7563d\" data-id=\"0e7563d\" data-element_type=\"column\">\n            <div class=\"elementor-widget-wrap elementor-element-populated\">\n                        \t\t<div class=\"elementor-element elementor-element-9c5edcf elementor-widget elementor-widget-ct_heading\" data-id=\"9c5edcf\" data-element_type=\"widget\" data-widget_type=\"ct_heading.default\">\n\t\t\t\t<div class=\"elementor-widget-container\">\n\t\t\t<div class=\"ct-heading h-align-  sub-style1 ct-heading-left item-st-default\">\r\n\t    <h3 class=\"item--title st-default\" data-wow-delay=\"ms\">\r\n                <span>\r\n            \r\n            Responsible Domicile Identity \r\n                    <\/span>\r\n            <\/h3>\r\n<\/div>\t\t<\/div>\n\t\t\t\t<\/div>\n\t\t            <\/div>\n        <\/div>\n                            <\/div>\n        <\/section>\n                <section class=\"elementor-section elementor-top-section elementor-element elementor-element-082892f elementor-section-boxed elementor-section-height-default elementor-section-height-default\" data-id=\"082892f\" data-element_type=\"section\">\n            \n                        <div class=\"elementor-container elementor-column-gap-default\">\n                    <div class=\"elementor-column elementor-col-100 elementor-top-column elementor-element elementor-element-007da32\" data-id=\"007da32\" data-element_type=\"column\">\n            <div class=\"elementor-widget-wrap elementor-element-populated\">\n                        \t\t<div class=\"elementor-element elementor-element-c5703d2 elementor-widget elementor-widget-ct_text_editor\" data-id=\"c5703d2\" data-element_type=\"widget\" data-widget_type=\"ct_text_editor.default\">\n\t\t\t\t<div class=\"elementor-widget-container\">\n\t\t\t<div id=\"ct_text_editor-c5703d2\" class=\"ct-text-editor\" data-wow-delay=\"ms\">\n\t<div class=\"ct-inline-css\"  data-css=\"        \t\t\">\n\n    <\/div>\n\t<div class=\"ct-text-editor elementor-clearfix\">\n\t\t<p>The responsible party for the personal data provided by you is HR Element S.A de C.V with address at Halley 135, Colonia Contry, in Monterrey, Nuevo Le\u00f3n, Postal Code 64860.<\/p>\t\t\n\t<\/div>\n<\/div>\t\t<\/div>\n\t\t\t\t<\/div>\n\t\t            <\/div>\n        <\/div>\n                            <\/div>\n        <\/section>\n                <section class=\"elementor-section elementor-top-section elementor-element elementor-element-ae03daf elementor-section-boxed elementor-section-height-default elementor-section-height-default\" data-id=\"ae03daf\" data-element_type=\"section\">\n            \n                        <div class=\"elementor-container elementor-column-gap-default\">\n                    <div class=\"elementor-column elementor-col-100 elementor-top-column elementor-element elementor-element-6d6992e\" data-id=\"6d6992e\" data-element_type=\"column\">\n            <div class=\"elementor-widget-wrap elementor-element-populated\">\n                        \t\t<div class=\"elementor-element elementor-element-7e35ddd elementor-widget elementor-widget-ct_heading\" data-id=\"7e35ddd\" data-element_type=\"widget\" data-widget_type=\"ct_heading.default\">\n\t\t\t\t<div class=\"elementor-widget-container\">\n\t\t\t<div class=\"ct-heading h-align-  sub-style1 ct-heading-left item-st-default\">\r\n\t    <h3 class=\"item--title st-default\" data-wow-delay=\"ms\">\r\n                <span>\r\n            \r\n            Personal Information\r\n                    <\/span>\r\n            <\/h3>\r\n<\/div>\t\t<\/div>\n\t\t\t\t<\/div>\n\t\t            <\/div>\n        <\/div>\n                            <\/div>\n        <\/section>\n                <section class=\"elementor-section elementor-top-section elementor-element elementor-element-80ef6c2 elementor-section-boxed elementor-section-height-default elementor-section-height-default\" data-id=\"80ef6c2\" data-element_type=\"section\">\n            \n                        <div class=\"elementor-container elementor-column-gap-default\">\n                    <div class=\"elementor-column elementor-col-100 elementor-top-column elementor-element elementor-element-7779886\" data-id=\"7779886\" data-element_type=\"column\">\n            <div class=\"elementor-widget-wrap elementor-element-populated\">\n                        \t\t<div class=\"elementor-element elementor-element-f8fb22c elementor-widget elementor-widget-ct_text_editor\" data-id=\"f8fb22c\" data-element_type=\"widget\" data-widget_type=\"ct_text_editor.default\">\n\t\t\t\t<div class=\"elementor-widget-container\">\n\t\t\t<div id=\"ct_text_editor-f8fb22c\" class=\"ct-text-editor\" data-wow-delay=\"ms\">\n\t<div class=\"ct-inline-css\"  data-css=\"        \t\t\">\n\n    <\/div>\n\t<div class=\"ct-text-editor elementor-clearfix\">\n\t\t<p>At HRE, we respect your privacy and are committed to protecting your personal data. This privacy notice aims to inform you about the types of personal information we collect and how we use it in the context of our human resources consulting services.<\/p><p>Personal Information Collected:<\/p><p>At HRE, we collect various types of personal information that are necessary to provide our human resources consulting services effectively. This data may include, but is not limited to:<\/p><ol><li><strong>First and Last Names:<\/strong> To identify you and to address you appropriately.<\/li><li><strong>Addresses:<\/strong> To understand your location and facilitate communication and coordination.<\/li><li><strong>Phone Numbers:<\/strong> To communicate with you and keep you informed about services.<\/li><li><strong>Email Addresses:<\/strong> To send you relevant information and documents related to our services.<\/li><li><strong>Professional Information:<\/strong> Such as your employment history, experience, skills, and other relevant data for our human resources consulting services.<\/li><\/ol><p>Use of Personal Information:<\/p><p>The personal information we collect is used exclusively for the purpose of providing you with our human resources consulting services. This includes, among others:<\/p><ol><li><strong>Evaluation and Consultancy:<\/strong> We use the information to provide you with personalized recommendations and advice in areas related to human resources.<\/li><li><strong>Communication:<\/strong> We use your contact information to keep you informed about the progress of our services and to respond to your inquiries.<\/li><li><strong>Personalization<\/strong> We use the information to tailor our services to your individual needs and preferences.<\/li><li><strong>Legal Compliance:<\/strong> We may use certain information to comply with applicable legal and regulatory requirements.<\/li><\/ol><p>Data Protection:<\/p><p>At HRE, we take the security of your personal data seriously. We implement technical and organizational measures to protect your data against unauthorized access, loss, or improper disclosure.<\/p><p>Sharing Information:<\/p><p>We understand the importance of confidentiality in HR consulting services. We will not share your personal information with third parties without your express consent, unless it is necessary to comply with our contractual obligations or legal requirements.<\/p>\t\t\n\t<\/div>\n<\/div>\t\t<\/div>\n\t\t\t\t<\/div>\n\t\t            <\/div>\n        <\/div>\n                            <\/div>\n        <\/section>\n                <section class=\"elementor-section elementor-top-section elementor-element elementor-element-1b5514f elementor-section-boxed elementor-section-height-default elementor-section-height-default\" data-id=\"1b5514f\" data-element_type=\"section\">\n            \n                        <div class=\"elementor-container elementor-column-gap-default\">\n                    <div class=\"elementor-column elementor-col-100 elementor-top-column elementor-element elementor-element-8041012\" data-id=\"8041012\" data-element_type=\"column\">\n            <div class=\"elementor-widget-wrap elementor-element-populated\">\n                        \t\t<div class=\"elementor-element elementor-element-565e7a8 elementor-widget elementor-widget-ct_heading\" data-id=\"565e7a8\" data-element_type=\"widget\" data-widget_type=\"ct_heading.default\">\n\t\t\t\t<div class=\"elementor-widget-container\">\n\t\t\t<div class=\"ct-heading h-align-  sub-style1 ct-heading-left item-st-default\">\r\n\t    <h3 class=\"item--title st-default\" data-wow-delay=\"ms\">\r\n                <span>\r\n            \r\n            Cookies\r\n                    <\/span>\r\n            <\/h3>\r\n<\/div>\t\t<\/div>\n\t\t\t\t<\/div>\n\t\t            <\/div>\n        <\/div>\n                            <\/div>\n        <\/section>\n                <section class=\"elementor-section elementor-top-section elementor-element elementor-element-b38702e elementor-section-boxed elementor-section-height-default elementor-section-height-default\" data-id=\"b38702e\" data-element_type=\"section\">\n            \n                        <div class=\"elementor-container elementor-column-gap-default\">\n                    <div class=\"elementor-column elementor-col-100 elementor-top-column elementor-element elementor-element-18542bf\" data-id=\"18542bf\" data-element_type=\"column\">\n            <div class=\"elementor-widget-wrap elementor-element-populated\">\n                        \t\t<div class=\"elementor-element elementor-element-8814701 elementor-widget elementor-widget-ct_text_editor\" data-id=\"8814701\" data-element_type=\"widget\" data-widget_type=\"ct_text_editor.default\">\n\t\t\t\t<div class=\"elementor-widget-container\">\n\t\t\t<div id=\"ct_text_editor-8814701\" class=\"ct-text-editor\" data-wow-delay=\"ms\">\n\t<div class=\"ct-inline-css\"  data-css=\"        \t\t\">\n\n    <\/div>\n\t<div class=\"ct-text-editor elementor-clearfix\">\n\t\t<p>On the HRE website, we use cookies and similar technologies to improve your online experience and provide you with a more personalized service. This section of the privacy notice aims to inform you about how we use cookies and how you can manage your preferences in this regard.<\/p>\t\t\n\t<\/div>\n<\/div>\t\t<\/div>\n\t\t\t\t<\/div>\n\t\t            <\/div>\n        <\/div>\n                            <\/div>\n        <\/section>\n                <section class=\"elementor-section elementor-top-section elementor-element elementor-element-391d58a elementor-section-boxed elementor-section-height-default elementor-section-height-default\" data-id=\"391d58a\" data-element_type=\"section\">\n            \n                        <div class=\"elementor-container elementor-column-gap-default\">\n                    <div class=\"elementor-column elementor-col-100 elementor-top-column elementor-element elementor-element-db064ac\" data-id=\"db064ac\" data-element_type=\"column\">\n            <div class=\"elementor-widget-wrap elementor-element-populated\">\n                        \t\t<div class=\"elementor-element elementor-element-dbb2940 elementor-widget elementor-widget-ct_heading\" data-id=\"dbb2940\" data-element_type=\"widget\" data-widget_type=\"ct_heading.default\">\n\t\t\t\t<div class=\"elementor-widget-container\">\n\t\t\t<div class=\"ct-heading h-align-  sub-style1 ct-heading-left item-st-default\">\r\n\t    <h3 class=\"item--title st-default\" data-wow-delay=\"ms\">\r\n                <span>\r\n            \r\n            Security Measures\r\n                    <\/span>\r\n            <\/h3>\r\n<\/div>\t\t<\/div>\n\t\t\t\t<\/div>\n\t\t            <\/div>\n        <\/div>\n                            <\/div>\n        <\/section>\n                <section class=\"elementor-section elementor-top-section elementor-element elementor-element-d8ec380 elementor-section-boxed elementor-section-height-default elementor-section-height-default\" data-id=\"d8ec380\" data-element_type=\"section\">\n            \n                        <div class=\"elementor-container elementor-column-gap-default\">\n                    <div class=\"elementor-column elementor-col-100 elementor-top-column elementor-element elementor-element-caa17f9\" data-id=\"caa17f9\" data-element_type=\"column\">\n            <div class=\"elementor-widget-wrap elementor-element-populated\">\n                        \t\t<div class=\"elementor-element elementor-element-c1d90b3 elementor-widget elementor-widget-ct_text_editor\" data-id=\"c1d90b3\" data-element_type=\"widget\" data-widget_type=\"ct_text_editor.default\">\n\t\t\t\t<div class=\"elementor-widget-container\">\n\t\t\t<div id=\"ct_text_editor-c1d90b3\" class=\"ct-text-editor\" data-wow-delay=\"ms\">\n\t<div class=\"ct-inline-css\"  data-css=\"        \t\t\">\n\n    <\/div>\n\t<div class=\"ct-text-editor elementor-clearfix\">\n\t\t<p>We are committed to safeguarding the confidentiality of your Personal Data; therefore, in compliance with our Corporate Policies and the provisions of the Law, we maintain the necessary Security Measures to protect our databases and prevent their loss, alteration, destruction, use, access, or unauthorized processing.<\/p>\t\t\n\t<\/div>\n<\/div>\t\t<\/div>\n\t\t\t\t<\/div>\n\t\t            <\/div>\n        <\/div>\n                            <\/div>\n        <\/section>\n                <section class=\"elementor-section elementor-top-section elementor-element elementor-element-7e81365 elementor-section-boxed elementor-section-height-default elementor-section-height-default\" data-id=\"7e81365\" data-element_type=\"section\">\n            \n                        <div class=\"elementor-container elementor-column-gap-default\">\n                    <div class=\"elementor-column elementor-col-100 elementor-top-column elementor-element elementor-element-fd053e8\" data-id=\"fd053e8\" data-element_type=\"column\">\n            <div class=\"elementor-widget-wrap elementor-element-populated\">\n                        \t\t<div class=\"elementor-element elementor-element-0899412 elementor-widget elementor-widget-ct_heading\" data-id=\"0899412\" data-element_type=\"widget\" data-widget_type=\"ct_heading.default\">\n\t\t\t\t<div class=\"elementor-widget-container\">\n\t\t\t<div class=\"ct-heading h-align-  sub-style1 ct-heading-left item-st-default\">\r\n\t    <h3 class=\"item--title st-default\" data-wow-delay=\"ms\">\r\n                <span>\r\n            \r\n            Email \r\n                    <\/span>\r\n            <\/h3>\r\n<\/div>\t\t<\/div>\n\t\t\t\t<\/div>\n\t\t            <\/div>\n        <\/div>\n                            <\/div>\n        <\/section>\n                <section class=\"elementor-section elementor-top-section elementor-element elementor-element-df90a16 elementor-section-boxed elementor-section-height-default elementor-section-height-default\" data-id=\"df90a16\" data-element_type=\"section\">\n            \n                        <div class=\"elementor-container elementor-column-gap-default\">\n                    <div class=\"elementor-column elementor-col-100 elementor-top-column elementor-element elementor-element-66d2c76\" data-id=\"66d2c76\" data-element_type=\"column\">\n            <div class=\"elementor-widget-wrap elementor-element-populated\">\n                        \t\t<div class=\"elementor-element elementor-element-af393ea elementor-widget elementor-widget-ct_text_editor\" data-id=\"af393ea\" data-element_type=\"widget\" data-widget_type=\"ct_text_editor.default\">\n\t\t\t\t<div class=\"elementor-widget-container\">\n\t\t\t<div id=\"ct_text_editor-af393ea\" class=\"ct-text-editor\" data-wow-delay=\"ms\">\n\t<div class=\"ct-inline-css\"  data-css=\"        \t\t\">\n\n    <\/div>\n\t<div class=\"ct-text-editor elementor-clearfix\">\n\t\t<p>The data that the user provides when sending an e-mail through the site is treated confidentially, being used only for the purpose of providing service when responding to their request.<\/p>\t\t\n\t<\/div>\n<\/div>\t\t<\/div>\n\t\t\t\t<\/div>\n\t\t            <\/div>\n        <\/div>\n                            <\/div>\n        <\/section>\n        \t\t\t\t\t<\/div>","protected":false},"excerpt":{"rendered":"<p>Pol\u00edtica de Privacidad Utilizamos esta informaci\u00f3n para brindarle servicios personalizados y relevantes en el \u00e1mbito de la consultor\u00eda de recursos humanos. Su informaci\u00f3n tambi\u00e9n puede ser utilizada para comunicarnos con usted, proporcionar actualizaciones sobre nuestros servicios y promociones, y mejorar continuamente su experiencia con nosotros. Queremos asegurarle que tomamos medidas adecuadas para proteger su informaci\u00f3n [&hellip;]<\/p>","protected":false},"author":1,"featured_media":0,"parent":0,"menu_order":0,"comment_status":"closed","ping_status":"closed","template":"","meta":{"footnotes":""},"class_list":["post-5438","page","type-page","status-publish","hentry"],"_links":{"self":[{"href":"https:\/\/hre.mx\/en\/wp-json\/wp\/v2\/pages\/5438","targetHints":{"allow":["GET"]}}],"collection":[{"href":"https:\/\/hre.mx\/en\/wp-json\/wp\/v2\/pages"}],"about":[{"href":"https:\/\/hre.mx\/en\/wp-json\/wp\/v2\/types\/page"}],"author":[{"embeddable":true,"href":"https:\/\/hre.mx\/en\/wp-json\/wp\/v2\/users\/1"}],"replies":[{"embeddable":true,"href":"https:\/\/hre.mx\/en\/wp-json\/wp\/v2\/comments?post=5438"}],"version-history":[{"count":7,"href":"https:\/\/hre.mx\/en\/wp-json\/wp\/v2\/pages\/5438\/revisions"}],"predecessor-version":[{"id":5448,"href":"https:\/\/hre.mx\/en\/wp-json\/wp\/v2\/pages\/5438\/revisions\/5448"}],"wp:attachment":[{"href":"https:\/\/hre.mx\/en\/wp-json\/wp\/v2\/media?parent=5438"}],"curies":[{"name":"wp","href":"https:\/\/api.w.org\/{rel}","templated":true}]}}